{"id":872,"date":"2022-12-21T12:27:39","date_gmt":"2022-12-21T12:27:39","guid":{"rendered":"https:\/\/turkuyilmazkaya-psychotherapie.com\/?page_id=872"},"modified":"2026-01-22T09:52:14","modified_gmt":"2026-01-22T09:52:14","slug":"impressum2","status":"publish","type":"page","link":"https:\/\/turkuyilmazkaya-psychotherapie.com\/index.php\/impressum2\/","title":{"rendered":"Impressum2"},"content":{"rendered":"\t\t<div data-elementor-type=\"wp-page\" data-elementor-id=\"872\" class=\"elementor elementor-872\">\n\t\t\t\t\t\t\t<div class=\"elementor-element elementor-element-5bd60233 e-container--row e-container\" data-id=\"5bd60233\" data-element_type=\"container\" id=\"wrapperBox\">\t\t<div class=\"elementor-element elementor-element-4e7a5532 e-container--column e-container\" data-id=\"4e7a5532\" data-element_type=\"container\" data-settings=\"{&quot;background_background&quot;:&quot;classic&quot;}\">\t\t<div class=\"elementor-element elementor-element-317c0a71 e-container--column e-container\" data-id=\"317c0a71\" data-element_type=\"container\">\t\t\t\t<div class=\"elementor-element elementor-element-7946867e elementor-widget elementor-widget-heading\" data-id=\"7946867e\" data-element_type=\"widget\" data-widget_type=\"heading.default\">\n\t\t\t\t<div class=\"elementor-widget-container\">\n\t\t\t<style>\/*! elementor - v3.7.8 - 02-10-2022 *\/\n.elementor-heading-title{padding:0;margin:0;line-height:1}.elementor-widget-heading .elementor-heading-title[class*=elementor-size-]>a{color:inherit;font-size:inherit;line-height:inherit}.elementor-widget-heading .elementor-heading-title.elementor-size-small{font-size:15px}.elementor-widget-heading .elementor-heading-title.elementor-size-medium{font-size:19px}.elementor-widget-heading .elementor-heading-title.elementor-size-large{font-size:29px}.elementor-widget-heading .elementor-heading-title.elementor-size-xl{font-size:39px}.elementor-widget-heading .elementor-heading-title.elementor-size-xxl{font-size:59px}<\/style><h2 class=\"elementor-heading-title elementor-size-default\">Impressum<\/h2>\t\t<\/div>\n\t\t\t\t<\/div>\n\t\t\t\t<div class=\"elementor-element elementor-element-5042533 elementor-widget elementor-widget-text-editor\" data-id=\"5042533\" data-element_type=\"widget\" data-widget_type=\"text-editor.default\">\n\t\t\t\t<div class=\"elementor-widget-container\">\n\t\t\t<style>\/*! elementor - v3.7.8 - 02-10-2022 *\/\n.elementor-widget-text-editor.elementor-drop-cap-view-stacked .elementor-drop-cap{background-color:#818a91;color:#fff}.elementor-widget-text-editor.elementor-drop-cap-view-framed .elementor-drop-cap{color:#818a91;border:3px solid;background-color:transparent}.elementor-widget-text-editor:not(.elementor-drop-cap-view-default) .elementor-drop-cap{margin-top:8px}.elementor-widget-text-editor:not(.elementor-drop-cap-view-default) .elementor-drop-cap-letter{width:1em;height:1em}.elementor-widget-text-editor .elementor-drop-cap{float:left;text-align:center;line-height:1;font-size:50px}.elementor-widget-text-editor .elementor-drop-cap-letter{display:inline-block}<\/style>\t\t\t\t<p>Informationspflicht laut \u00a75 E-Commerce Gesetz, \u00a714 Unternehmensgesetzbuch, \u00a763 Gewerbeordnung und\u00a0 Offenlegungspflicht laut \u00a725 Mediengesetz.<\/p><p>Dienstanbieterin &amp; Medieninhaberin:<\/p><p class=\"font_0 wixui-rich-text__text\"><span class=\"wixui-rich-text__text\">Mag.\u00aa <\/span><span class=\"color_20\">T\u00fcrk\u00fc Y\u0131lmazkaya\u00a0<\/span><\/p><p>W\u00e4hrinngerstra\u00dfe 47\/3<\/p><p>1090 Wien<\/p><p>\u00d6sterreich<\/p><p>Telefon: +43 660 956 5508<br \/>E-Mail: turkuyilmazkaya.psychotherapie@gmail.com<\/p><p>Unternehmensgegenstand: Psychotherapie (Verhaltenstherapie)<\/p><p>Gesetzliche Grundlage:\u00a0Psychotherapiegesetz (einsehbar unter\u00a0<a href=\"https:\/\/www.ris.bka.gv.at\/%C2%A0\" target=\"_blank\" rel=\"noopener\">https:\/\/www.ris.bka.gv.at\/\u00a0<\/a>)<\/p><p>Aufsichtsbeh\u00f6rde:\u00a0Bundesministerium f\u00fcr Gesundheit<\/p><p>Berufsbezeichnung: Psychotherapeutin\u00a0 in Ausbildung unter Supervision<\/p><p>Gerichtsstand:\u00a0Wien<\/p><p>Verleihungsstaat:\u00a0\u00d6sterreich<\/p><p>Copyright:<\/p><p>Die auf dieser Website\u00a0ver\u00f6ffentlichten und durch die Autorin selbst erstellten Inhalte und Werke unterliegen dem \u00f6sterreichischen Urheberrecht. Das Copyright f\u00fcr die von der Autorin selbst erstellten Inhalte und Werke bleibt allein bei der Autorin der Seiten. Die Vervielf\u00e4ltigung, Bearbeitung, Verbreitung, \u00dcbersetzung und jede Art der Verwertung der Inhalte und Werke au\u00dferhalb der Grenzen des Urheberrechtes bed\u00fcrfen der schriftlichen Zustimmung der Autorin.<br \/>Downloads und Kopien der Inhalte und Werke sind nur f\u00fcr den privaten, nicht aber den kommerziellen Gebrauch gestattet.<\/p><p>Die Bilder, Fotos und Grafiken auf dieser Webseite sind urheberrechtlich gesch\u00fctzt.<\/p><p>Die Fotorechte liegen bei<\/p><p class=\"font_0 wixui-rich-text__text\"><span class=\"wixui-rich-text__text\">Mag.\u00aa <\/span>T\u00fcrk\u00fc <span class=\"color_20\">Y\u0131lmazkaya<\/span>\u00a0 Die verwendeten Grafiken wurden zur kommeriziellen Nutzung k\u00e4uflich erworben: Copyright <a href=\"http:\/\/freepik.com\" target=\"_blank\" rel=\"noopener\">https:\/\/www.freepik.com<\/a><\/p><p>Webdesign: Felix Reiterer<\/p><p>Haftungsausschluss:<\/p><p>Obwohl s\u00e4mtliche Inhalte dieser Website sorgf\u00e4ltig gepr\u00fcft wurden, kann keine Gew\u00e4hr f\u00fcr die Richtigkeit, Vollst\u00e4ndigkeit und Aktualit\u00e4t der Angaben \u00fcbernommen werden. Die publizierten Inhalte stellen weder eine Offerte zur Erbringung von bestimmten Dienstleistungen dar, noch kann aus der Bereitstellung von kostenlosen Informationsdiensten, die auf diesen Seiten angeboten werden, ein k\u00fcnftiges Recht f\u00fcr die weitere Erbringung dieser Leistungen abgeleitet werden.<\/p><p>Es wird keine Verantwortung \u00fcbernommen f\u00fcr die Richtigkeit bzw. Gesetzm\u00e4ssigkeit von Inhalten auf die Hyperlinks (sog. externe Links) direkt oder indirekt verweisen.\u00a0S\u00e4mtliche externen Links sind ausdr\u00fccklich nicht Teil des Angebotes und unterliegen nicht meiner Verantwortung! F\u00fcr die Inhalte dieser externen Webseiten ist stets deren jeweiliger Anbieter bzw. deren jeweiliger Betreiber verantwortlich.<\/p>\t\t\t\t\t\t<\/div>\n\t\t\t\t<\/div>\n\t\t<\/div><\/div><div class=\"elementor-element elementor-element-70864d67 e-container--row e-container\" data-id=\"70864d67\" data-element_type=\"container\" data-settings=\"{&quot;background_background&quot;:&quot;classic&quot;,&quot;position&quot;:&quot;fixed&quot;}\">\t\t\t\t<div class=\"elementor-element elementor-element-104e4346 elementor-widget elementor-widget-heading\" data-id=\"104e4346\" data-element_type=\"widget\" data-widget_type=\"heading.default\">\n\t\t\t\t<div class=\"elementor-widget-container\">\n\t\t\t<h2 class=\"elementor-heading-title elementor-size-default\">W\u00e4hringer Str. 47\/3, 1090 Wien | turkuyilmazkaya.psychotherapie@gmail.com | Datenschutz | Impressum<\/h2>\t\t<\/div>\n\t\t\t\t<\/div>\n\t\t\t\t<div class=\"elementor-element elementor-element-1b92d425 elementor-widget elementor-widget-heading\" data-id=\"1b92d425\" data-element_type=\"widget\" data-widget_type=\"heading.default\">\n\t\t\t\t<div class=\"elementor-widget-container\">\n\t\t\t<h2 class=\"elementor-heading-title elementor-size-default\"><a href=\"https:\/\/www.psyonline.at\/psychotherapeutin\/160224\">PsyOnline<\/a><\/h2>\t\t<\/div>\n\t\t\t\t<\/div>\n\t\t\t\t<div class=\"elementor-element elementor-element-69a529bc elementor-align-center elementor-widget elementor-widget-button\" data-id=\"69a529bc\" data-element_type=\"widget\" data-widget_type=\"button.default\">\n\t\t\t\t<div class=\"elementor-widget-container\">\n\t\t\t\t\t<div class=\"elementor-button-wrapper\">\n\t\t\t<a href=\"#\" class=\"elementor-button-link elementor-button elementor-size-sm\" role=\"button\">\n\t\t\t\t\t\t<span class=\"elementor-button-content-wrapper\">\n\t\t\t\t\t\t<span class=\"elementor-button-text\">Soforthilfe<\/span>\n\t\t<\/span>\n\t\t\t\t\t<\/a>\n\t\t<\/div>\n\t\t\t\t<\/div>\n\t\t\t\t<\/div>\n\t\t<\/div><\/div><div class=\"elementor-element elementor-element-4f6393ed e-container--row e-container\" data-id=\"4f6393ed\" data-element_type=\"container\" data-settings=\"{&quot;background_background&quot;:&quot;classic&quot;,&quot;position&quot;:&quot;fixed&quot;}\">\t\t<div class=\"elementor-element elementor-element-12616e48 e-container--column e-container\" data-id=\"12616e48\" data-element_type=\"container\">\t\t\t\t<div class=\"elementor-element elementor-element-1f0f6587 menu elementor-widget elementor-widget-heading\" data-id=\"1f0f6587\" data-element_type=\"widget\" id=\"n0\" data-widget_type=\"heading.default\">\n\t\t\t\t<div class=\"elementor-widget-container\">\n\t\t\t<h2 class=\"elementor-heading-title elementor-size-default\">Mag.\u00aa T\u00fcrk\u00fc Yilmazkaya <\/h2>\t\t<\/div>\n\t\t\t\t<\/div>\n\t\t\t\t<div class=\"elementor-element elementor-element-1f6a85ec menu elementor-widget elementor-widget-heading\" data-id=\"1f6a85ec\" data-element_type=\"widget\" id=\"n\" data-widget_type=\"heading.default\">\n\t\t\t\t<div class=\"elementor-widget-container\">\n\t\t\t<h2 class=\"elementor-heading-title elementor-size-default\">Psychotherapeutin in Ausbildung unter Supervision<\/h2>\t\t<\/div>\n\t\t\t\t<\/div>\n\t\t<\/div><div class=\"elementor-element elementor-element-d697a25 elementor-hidden-desktop e-container--column e-container\" data-id=\"d697a25\" data-element_type=\"container\" data-settings=\"{&quot;position&quot;:&quot;absolute&quot;}\">\t\t\t\t<div class=\"elementor-element elementor-element-4d6bee9f elementor-nav-menu--dropdown-mobile elementor-nav-menu--stretch elementor-widget-mobile__width-initial elementor-nav-menu__text-align-aside elementor-nav-menu--toggle elementor-nav-menu--burger elementor-widget elementor-widget-nav-menu\" data-id=\"4d6bee9f\" data-element_type=\"widget\" data-settings=\"{&quot;submenu_icon&quot;:{&quot;value&quot;:&quot;&lt;i class=\\&quot;fas fa-angle-down\\&quot;&gt;&lt;\\\/i&gt;&quot;,&quot;library&quot;:&quot;fa-solid&quot;},&quot;full_width&quot;:&quot;stretch&quot;,&quot;layout&quot;:&quot;horizontal&quot;,&quot;toggle&quot;:&quot;burger&quot;}\" data-widget_type=\"nav-menu.default\">\n\t\t\t\t<div class=\"elementor-widget-container\">\n\t\t\t<link rel=\"stylesheet\" href=\"https:\/\/turkuyilmazkaya-psychotherapie.com\/wp-content\/plugins\/elementor-pro\/assets\/css\/widget-nav-menu.min.css\">\t\t\t<nav migration_allowed=\"1\" migrated=\"0\" role=\"navigation\" class=\"elementor-nav-menu--main elementor-nav-menu__container elementor-nav-menu--layout-horizontal e--pointer-underline e--animation-drop-in\">\n\t\t\t\t<ul id=\"menu-1-4d6bee9f\" class=\"elementor-nav-menu\"><li class=\"menu-item menu-item-type-custom menu-item-object-custom menu-item-643\"><a href=\"#mobile1\" class=\"elementor-item elementor-item-anchor\">Psychotherapie<\/a><\/li>\n<li class=\"menu-item menu-item-type-custom menu-item-object-custom menu-item-644\"><a href=\"#mobile2\" class=\"elementor-item elementor-item-anchor\">Verhaltenstherapie<\/a><\/li>\n<li class=\"menu-item menu-item-type-custom menu-item-object-custom menu-item-645\"><a href=\"#mobile3\" class=\"elementor-item elementor-item-anchor\">Ablauf &#038; Setting<\/a><\/li>\n<li class=\"menu-item menu-item-type-custom menu-item-object-custom menu-item-646\"><a href=\"#mobile4\" class=\"elementor-item elementor-item-anchor\">Kontakt<\/a><\/li>\n<li class=\"menu-item menu-item-type-custom menu-item-object-custom menu-item-647\"><a href=\"#mobile5\" class=\"elementor-item elementor-item-anchor\">Anfahrt<\/a><\/li>\n<\/ul>\t\t\t<\/nav>\n\t\t\t\t\t<div class=\"elementor-menu-toggle\" role=\"button\" tabindex=\"0\" aria-label=\"Menu Toggle\" aria-expanded=\"false\">\n\t\t\t<i aria-hidden=\"true\" role=\"presentation\" class=\"elementor-menu-toggle__icon--open eicon-menu-bar\"><\/i><i aria-hidden=\"true\" role=\"presentation\" class=\"elementor-menu-toggle__icon--close eicon-close\"><\/i>\t\t\t<span class=\"elementor-screen-only\">Menu<\/span>\n\t\t<\/div>\n\t\t\t<nav class=\"elementor-nav-menu--dropdown elementor-nav-menu__container\" role=\"navigation\" aria-hidden=\"true\">\n\t\t\t\t<ul id=\"menu-2-4d6bee9f\" class=\"elementor-nav-menu\"><li class=\"menu-item menu-item-type-custom menu-item-object-custom menu-item-643\"><a href=\"#mobile1\" class=\"elementor-item elementor-item-anchor\" tabindex=\"-1\">Psychotherapie<\/a><\/li>\n<li class=\"menu-item menu-item-type-custom menu-item-object-custom menu-item-644\"><a href=\"#mobile2\" class=\"elementor-item elementor-item-anchor\" tabindex=\"-1\">Verhaltenstherapie<\/a><\/li>\n<li class=\"menu-item menu-item-type-custom menu-item-object-custom menu-item-645\"><a href=\"#mobile3\" class=\"elementor-item elementor-item-anchor\" tabindex=\"-1\">Ablauf &#038; Setting<\/a><\/li>\n<li class=\"menu-item menu-item-type-custom menu-item-object-custom menu-item-646\"><a href=\"#mobile4\" class=\"elementor-item elementor-item-anchor\" tabindex=\"-1\">Kontakt<\/a><\/li>\n<li class=\"menu-item menu-item-type-custom menu-item-object-custom menu-item-647\"><a href=\"#mobile5\" class=\"elementor-item elementor-item-anchor\" tabindex=\"-1\">Anfahrt<\/a><\/li>\n<\/ul>\t\t\t<\/nav>\n\t\t\t\t<\/div>\n\t\t\t\t<\/div>\n\t\t<\/div><div class=\"elementor-element elementor-element-438fce06 elementor-hidden-mobile e-container--row e-container\" data-id=\"438fce06\" data-element_type=\"container\">\t\t\t\t<div class=\"elementor-element elementor-element-2039be1c elementor-view-default elementor-widget elementor-widget-icon\" data-id=\"2039be1c\" data-element_type=\"widget\" data-widget_type=\"icon.default\">\n\t\t\t\t<div class=\"elementor-widget-container\">\n\t\t\t\t\t<div class=\"elementor-icon-wrapper\">\n\t\t\t<a class=\"elementor-icon\" href=\"https:\/\/turkuyilmazkaya-psychotherapie.com\/\">\n\t\t\t<i aria-hidden=\"true\" class=\"fas fa-window-close\"><\/i>\t\t\t<\/a>\n\t\t<\/div>\n\t\t\t\t<\/div>\n\t\t\t\t<\/div>\n\t\t<\/div><\/div>\t\t\t\t\t<\/div>\n\t\t","protected":false},"excerpt":{"rendered":"<p>Impressum Informationspflicht laut \u00a75 E-Commerce Gesetz, \u00a714 Unternehmensgesetzbuch, \u00a763 Gewerbeordnung und\u00a0 Offenlegungspflicht laut \u00a725 Mediengesetz. Dienstanbieterin &amp; Medieninhaberin: Mag.\u00aa T\u00fcrk\u00fc Y\u0131lmazkaya\u00a0 W\u00e4hrinngerstra\u00dfe 47\/3 1090 Wien \u00d6sterreich Telefon: +43 660 956 5508E-Mail: turkuyilmazkaya.psychotherapie@gmail.com Unternehmensgegenstand: Psychotherapie (Verhaltenstherapie) Gesetzliche Grundlage:\u00a0Psychotherapiegesetz (einsehbar unter\u00a0https:\/\/www.ris.bka.gv.at\/\u00a0) Aufsichtsbeh\u00f6rde:\u00a0Bundesministerium f\u00fcr Gesundheit Berufsbezeichnung: Psychotherapeutin\u00a0 in Ausbildung unter Supervision Gerichtsstand:\u00a0Wien Verleihungsstaat:\u00a0\u00d6sterreich Copyright: Die auf dieser Website\u00a0ver\u00f6ffentlichten [&hellip;]<\/p>\n","protected":false},"author":1,"featured_media":0,"parent":0,"menu_order":0,"comment_status":"closed","ping_status":"closed","template":"elementor_canvas","meta":{"_monsterinsights_skip_tracking":false,"_monsterinsights_sitenote_active":false,"_monsterinsights_sitenote_note":"","_monsterinsights_sitenote_category":0,"footnotes":""},"class_list":["post-872","page","type-page","status-publish","hentry"],"yoast_head":"<!-- This site is optimized with the Yoast SEO plugin v19.9 - https:\/\/yoast.com\/wordpress\/plugins\/seo\/ -->\n<title>Impressum2 - T\u00fcrk\u00fc Yilmazkaya<\/title>\n<meta name=\"robots\" content=\"index, follow, max-snippet:-1, max-image-preview:large, max-video-preview:-1\" \/>\n<link rel=\"canonical\" href=\"https:\/\/turkuyilmazkaya-psychotherapie.com\/index.php\/impressum2\/\" \/>\n<meta property=\"og:locale\" content=\"en_US\" \/>\n<meta property=\"og:type\" content=\"article\" \/>\n<meta property=\"og:title\" content=\"Impressum2 - T\u00fcrk\u00fc Yilmazkaya\" \/>\n<meta property=\"og:description\" content=\"Impressum Informationspflicht laut \u00a75 E-Commerce Gesetz, \u00a714 Unternehmensgesetzbuch, \u00a763 Gewerbeordnung und\u00a0 Offenlegungspflicht laut \u00a725 Mediengesetz. Dienstanbieterin &amp; Medieninhaberin: Mag.\u00aa T\u00fcrk\u00fc Y\u0131lmazkaya\u00a0 W\u00e4hrinngerstra\u00dfe 47\/3 1090 Wien \u00d6sterreich Telefon: +43 660 956 5508E-Mail: turkuyilmazkaya.psychotherapie@gmail.com Unternehmensgegenstand: Psychotherapie (Verhaltenstherapie) Gesetzliche Grundlage:\u00a0Psychotherapiegesetz (einsehbar unter\u00a0https:\/\/www.ris.bka.gv.at\/\u00a0) Aufsichtsbeh\u00f6rde:\u00a0Bundesministerium f\u00fcr Gesundheit Berufsbezeichnung: Psychotherapeutin\u00a0 in Ausbildung unter Supervision Gerichtsstand:\u00a0Wien Verleihungsstaat:\u00a0\u00d6sterreich Copyright: Die auf dieser Website\u00a0ver\u00f6ffentlichten [&hellip;]\" \/>\n<meta property=\"og:url\" content=\"https:\/\/turkuyilmazkaya-psychotherapie.com\/index.php\/impressum2\/\" \/>\n<meta property=\"og:site_name\" content=\"T\u00fcrk\u00fc Yilmazkaya\" \/>\n<meta property=\"article:modified_time\" content=\"2026-01-22T09:52:14+00:00\" \/>\n<meta name=\"twitter:card\" content=\"summary_large_image\" \/>\n<meta name=\"twitter:label1\" content=\"Est. reading time\" \/>\n\t<meta name=\"twitter:data1\" content=\"2 minutes\" \/>\n<script type=\"application\/ld+json\" class=\"yoast-schema-graph\">{\"@context\":\"https:\/\/schema.org\",\"@graph\":[{\"@type\":\"WebPage\",\"@id\":\"https:\/\/turkuyilmazkaya-psychotherapie.com\/index.php\/impressum2\/\",\"url\":\"https:\/\/turkuyilmazkaya-psychotherapie.com\/index.php\/impressum2\/\",\"name\":\"Impressum2 - T\u00fcrk\u00fc Yilmazkaya\",\"isPartOf\":{\"@id\":\"https:\/\/turkuyilmazkaya-psychotherapie.com\/#website\"},\"datePublished\":\"2022-12-21T12:27:39+00:00\",\"dateModified\":\"2026-01-22T09:52:14+00:00\",\"breadcrumb\":{\"@id\":\"https:\/\/turkuyilmazkaya-psychotherapie.com\/index.php\/impressum2\/#breadcrumb\"},\"inLanguage\":\"en-US\",\"potentialAction\":[{\"@type\":\"ReadAction\",\"target\":[\"https:\/\/turkuyilmazkaya-psychotherapie.com\/index.php\/impressum2\/\"]}]},{\"@type\":\"BreadcrumbList\",\"@id\":\"https:\/\/turkuyilmazkaya-psychotherapie.com\/index.php\/impressum2\/#breadcrumb\",\"itemListElement\":[{\"@type\":\"ListItem\",\"position\":1,\"name\":\"Home\",\"item\":\"https:\/\/turkuyilmazkaya-psychotherapie.com\/\"},{\"@type\":\"ListItem\",\"position\":2,\"name\":\"Impressum2\"}]},{\"@type\":\"WebSite\",\"@id\":\"https:\/\/turkuyilmazkaya-psychotherapie.com\/#website\",\"url\":\"https:\/\/turkuyilmazkaya-psychotherapie.com\/\",\"name\":\"T\u00fcrk\u00fc Yilmazkaya\",\"description\":\"Psychotherapie in Wien\",\"potentialAction\":[{\"@type\":\"SearchAction\",\"target\":{\"@type\":\"EntryPoint\",\"urlTemplate\":\"https:\/\/turkuyilmazkaya-psychotherapie.com\/?s={search_term_string}\"},\"query-input\":\"required name=search_term_string\"}],\"inLanguage\":\"en-US\"}]}<\/script>\n<!-- \/ Yoast SEO plugin. -->","yoast_head_json":{"title":"Impressum2 - T\u00fcrk\u00fc Yilmazkaya","robots":{"index":"index","follow":"follow","max-snippet":"max-snippet:-1","max-image-preview":"max-image-preview:large","max-video-preview":"max-video-preview:-1"},"canonical":"https:\/\/turkuyilmazkaya-psychotherapie.com\/index.php\/impressum2\/","og_locale":"en_US","og_type":"article","og_title":"Impressum2 - T\u00fcrk\u00fc Yilmazkaya","og_description":"Impressum Informationspflicht laut \u00a75 E-Commerce Gesetz, \u00a714 Unternehmensgesetzbuch, \u00a763 Gewerbeordnung und\u00a0 Offenlegungspflicht laut \u00a725 Mediengesetz. Dienstanbieterin &amp; Medieninhaberin: Mag.\u00aa T\u00fcrk\u00fc Y\u0131lmazkaya\u00a0 W\u00e4hrinngerstra\u00dfe 47\/3 1090 Wien \u00d6sterreich Telefon: +43 660 956 5508E-Mail: turkuyilmazkaya.psychotherapie@gmail.com Unternehmensgegenstand: Psychotherapie (Verhaltenstherapie) Gesetzliche Grundlage:\u00a0Psychotherapiegesetz (einsehbar unter\u00a0https:\/\/www.ris.bka.gv.at\/\u00a0) Aufsichtsbeh\u00f6rde:\u00a0Bundesministerium f\u00fcr Gesundheit Berufsbezeichnung: Psychotherapeutin\u00a0 in Ausbildung unter Supervision Gerichtsstand:\u00a0Wien Verleihungsstaat:\u00a0\u00d6sterreich Copyright: Die auf dieser Website\u00a0ver\u00f6ffentlichten [&hellip;]","og_url":"https:\/\/turkuyilmazkaya-psychotherapie.com\/index.php\/impressum2\/","og_site_name":"T\u00fcrk\u00fc Yilmazkaya","article_modified_time":"2026-01-22T09:52:14+00:00","twitter_card":"summary_large_image","twitter_misc":{"Est. reading time":"2 minutes"},"schema":{"@context":"https:\/\/schema.org","@graph":[{"@type":"WebPage","@id":"https:\/\/turkuyilmazkaya-psychotherapie.com\/index.php\/impressum2\/","url":"https:\/\/turkuyilmazkaya-psychotherapie.com\/index.php\/impressum2\/","name":"Impressum2 - T\u00fcrk\u00fc Yilmazkaya","isPartOf":{"@id":"https:\/\/turkuyilmazkaya-psychotherapie.com\/#website"},"datePublished":"2022-12-21T12:27:39+00:00","dateModified":"2026-01-22T09:52:14+00:00","breadcrumb":{"@id":"https:\/\/turkuyilmazkaya-psychotherapie.com\/index.php\/impressum2\/#breadcrumb"},"inLanguage":"en-US","potentialAction":[{"@type":"ReadAction","target":["https:\/\/turkuyilmazkaya-psychotherapie.com\/index.php\/impressum2\/"]}]},{"@type":"BreadcrumbList","@id":"https:\/\/turkuyilmazkaya-psychotherapie.com\/index.php\/impressum2\/#breadcrumb","itemListElement":[{"@type":"ListItem","position":1,"name":"Home","item":"https:\/\/turkuyilmazkaya-psychotherapie.com\/"},{"@type":"ListItem","position":2,"name":"Impressum2"}]},{"@type":"WebSite","@id":"https:\/\/turkuyilmazkaya-psychotherapie.com\/#website","url":"https:\/\/turkuyilmazkaya-psychotherapie.com\/","name":"T\u00fcrk\u00fc Yilmazkaya","description":"Psychotherapie in Wien","potentialAction":[{"@type":"SearchAction","target":{"@type":"EntryPoint","urlTemplate":"https:\/\/turkuyilmazkaya-psychotherapie.com\/?s={search_term_string}"},"query-input":"required name=search_term_string"}],"inLanguage":"en-US"}]}},"_links":{"self":[{"href":"https:\/\/turkuyilmazkaya-psychotherapie.com\/index.php\/wp-json\/wp\/v2\/pages\/872","targetHints":{"allow":["GET"]}}],"collection":[{"href":"https:\/\/turkuyilmazkaya-psychotherapie.com\/index.php\/wp-json\/wp\/v2\/pages"}],"about":[{"href":"https:\/\/turkuyilmazkaya-psychotherapie.com\/index.php\/wp-json\/wp\/v2\/types\/page"}],"author":[{"embeddable":true,"href":"https:\/\/turkuyilmazkaya-psychotherapie.com\/index.php\/wp-json\/wp\/v2\/users\/1"}],"replies":[{"embeddable":true,"href":"https:\/\/turkuyilmazkaya-psychotherapie.com\/index.php\/wp-json\/wp\/v2\/comments?post=872"}],"version-history":[{"count":17,"href":"https:\/\/turkuyilmazkaya-psychotherapie.com\/index.php\/wp-json\/wp\/v2\/pages\/872\/revisions"}],"predecessor-version":[{"id":1012,"href":"https:\/\/turkuyilmazkaya-psychotherapie.com\/index.php\/wp-json\/wp\/v2\/pages\/872\/revisions\/1012"}],"wp:attachment":[{"href":"https:\/\/turkuyilmazkaya-psychotherapie.com\/index.php\/wp-json\/wp\/v2\/media?parent=872"}],"curies":[{"name":"wp","href":"https:\/\/api.w.org\/{rel}","templated":true}]}}